{"id":776,"date":"2017-06-08T00:37:05","date_gmt":"2017-06-07T23:37:05","guid":{"rendered":"http:\/\/www.ldsushi.de\/wordpress\/?page_id=776"},"modified":"2024-02-29T00:03:05","modified_gmt":"2024-02-28T23:03:05","slug":"legendary-games-podcast","status":"publish","type":"page","link":"https:\/\/www.ldsushi.de\/wordpress\/legendary-games-podcast","title":{"rendered":"Legendary Games Podcast"},"content":{"rendered":"<p>Ich bin seit geraumer Zeit Mitglied bei einem Podcast \u00fcber Computer- \/ Videospiele und bin praktisch der Publisher davon geworden. Der Legendary Games-Podcast von Dominik Meusert findet man auf unserer gemeinsamen <a href=\"https:\/\/www.legendarygam.es\" target=\"_blank\" rel=\"noopener noreferrer\">Webseite<\/a>.<\/p>\n<p>Au\u00dferdem kann man den Podcast auch \u00fcber iTunes finden bzw. \u00fcber folgende Links abonnieren:<\/p>\n<p><strong>iTunes<br \/>\n<\/strong><a href=\"https:\/\/itunes.apple.com\/de\/podcast\/legendary-games\/id1245367782?mt=2\" target=\"_blank\" rel=\"noopener\">https:\/\/itunes.apple.com\/de\/podcast\/legendary-games\/id1245367782?mt=2<\/a><\/p>\n<p><strong>AAC-Feed (M4A):<\/strong><br \/>\n<a href=\"https:\/\/pcr.apple.com\/id1245367782\" target=\"_blank\" rel=\"noopener\">https:\/\/pcr.apple.com\/id1245367782<\/a><\/p>\n<p><strong>MP3-Feed (Dateien sind um Einiges gr\u00f6\u00dfer!):<\/strong><br \/>\n<a href=\"https:\/\/www.ldsushi.de\/wordpress\/feed\/mp3\" target=\"_blank\" rel=\"noopener\">https:\/\/www.ldsushi.de\/wordpress\/feed\/mp3<\/a><\/p>\n<p><strong>Oder einfach hier auf Abonnieren klicken:<\/strong><br \/>\n\n<script>window.podcastDataef937a552440ad = {\"title\":\"Legendary Games\",\"subtitle\":\"Legendary Games ist ein Podcast, der eine Serie von Gespr\\u00e4chen \\u00fcber Spiele aller Art zwischen Dominik, Sascha und begeisterten Spieleenthusiasten ist. In den Folgen wird es in der Regel einen Schwerpunkt zum Thema \\u201eSpiele\\u201c geben, zu dem wir uns subjektiv miteinander unterhalten. Es gibt keine festen Regeln oder einen genauen Ablauf der Gespr\\u00e4che.\",\"description\":\"Legendary Games ist ein Podcast, der eine Serie von Gespr\\u00e4chen \\u00fcber Spiele aller Art zwischen Dominik, Sascha und begeisterten Spieleenthusiasten ist. In den Folgen wird es in der Regel einen Schwerpunkt zum Thema \\u201eSpiele\\u201c geben, zu dem wir uns subjektiv miteinander unterhalten. Es gibt keine festen Regeln oder einen genauen Ablauf der Gespr\\u00e4che. Wir unterhalten uns einfach und hoffen ihr h\\u00f6rt gerne zu.\",\"cover\":\"https:\\\/\\\/www.ldsushi.de\\\/wordpress\\\/podlove\\\/image\\\/68747470733a2f2f7777772e6c6473757368692e64652f776f726470726573732f77702d636f6e74656e742f75706c6f6164732f323032322f31312f4c475f4c6f676f5f636c65616e2d3130323478313032342e6a7067\\\/400\\\/0\\\/0\\\/legendary-games\",\"feeds\":[{\"type\":\"audio\",\"format\":\"aac\",\"url\":\"https:\\\/\\\/www.ldsushi.de\\\/wordpress\\\/feed\\\/m4a\",\"variant\":\"high\"},{\"type\":\"audio\",\"format\":\"mp3\",\"url\":\"https:\\\/\\\/www.ldsushi.de\\\/wordpress\\\/feed\\\/mp3\",\"variant\":\"high\"}]};<\/script>\n<script class=\"podlove-subscribe-button\" src=\"https:\/\/cdn.podlove.org\/subscribe-button\/javascripts\/app.js\" data-json-data=\"podcastDataef937a552440ad\" data-language=\"de\" data-size=\"big\" data-format=\"cover\" data-style=\"filled\" data-color=\"#75ad91\"> <\/script>\n<script>\nif (typeof SubscribeButton == 'undefined') {\n\n    document.write(unescape(\"%3Cscript class=\\\"podlove-subscribe-button\\\" src=\\\"https:\/\/www.ldsushi.de\/wordpress\/wp-content\/plugins\/podlove-podcasting-plugin-for-wordpress\/lib\/modules\/subscribe_button\/dist\/javascripts\/app.js\\\" data-json-data=\\\"podcastDataef937a552440ad\\\" data-language=\\\"de\\\" data-size=\\\"big\\\" data-format=\\\"cover\\\" data-style=\\\"filled\\\" data-color=\\\"#75ad91\\\"> %3E%3C\/script%3E\"));\n\n    \/\/ hide uninitialized button\n    window.setTimeout(function() {\n        iframes = document.querySelectorAll('.podlove-subscribe-button-iframe')\n        for (i = 0; i < iframes.length; ++i) {\n            if (!iframes[i].style.width && !iframes[i].style.height) {\n                iframes[i].style.display = 'none';\n            }\n        }\n    }, 5000);\n\n}\n<\/script><\/p>\n","protected":false},"excerpt":{"rendered":"<p>Ich bin seit geraumer Zeit Mitglied bei einem Podcast \u00fcber Computer- \/ Videospiele und bin praktisch der Publisher davon geworden. Der Legendary Games-Podcast von Dominik Meusert findet man auf unserer gemeinsamen Webseite. Au\u00dferdem kann man den Podcast auch \u00fcber iTunes &hellip; <a href=\"https:\/\/www.ldsushi.de\/wordpress\/legendary-games-podcast\">Weiterlesen <span class=\"meta-nav\">&rarr;<\/span><\/a><\/p>\n","protected":false},"author":1,"featured_media":0,"parent":0,"menu_order":0,"comment_status":"closed","ping_status":"closed","template":"","meta":{"footnotes":""},"class_list":["post-776","page","type-page","status-publish","hentry"],"_links":{"self":[{"href":"https:\/\/www.ldsushi.de\/wordpress\/wp-json\/wp\/v2\/pages\/776","targetHints":{"allow":["GET"]}}],"collection":[{"href":"https:\/\/www.ldsushi.de\/wordpress\/wp-json\/wp\/v2\/pages"}],"about":[{"href":"https:\/\/www.ldsushi.de\/wordpress\/wp-json\/wp\/v2\/types\/page"}],"author":[{"embeddable":true,"href":"https:\/\/www.ldsushi.de\/wordpress\/wp-json\/wp\/v2\/users\/1"}],"replies":[{"embeddable":true,"href":"https:\/\/www.ldsushi.de\/wordpress\/wp-json\/wp\/v2\/comments?post=776"}],"version-history":[{"count":10,"href":"https:\/\/www.ldsushi.de\/wordpress\/wp-json\/wp\/v2\/pages\/776\/revisions"}],"predecessor-version":[{"id":1327,"href":"https:\/\/www.ldsushi.de\/wordpress\/wp-json\/wp\/v2\/pages\/776\/revisions\/1327"}],"wp:attachment":[{"href":"https:\/\/www.ldsushi.de\/wordpress\/wp-json\/wp\/v2\/media?parent=776"}],"curies":[{"name":"wp","href":"https:\/\/api.w.org\/{rel}","templated":true}]}}